

{"id":3202,"date":"2017-10-27T08:44:33","date_gmt":"2017-10-27T08:44:33","guid":{"rendered":"https:\/\/mataraudur.is\/media\/myndbond\/"},"modified":"2019-09-27T08:57:02","modified_gmt":"2019-09-27T08:57:02","slug":"videos","status":"publish","type":"page","link":"https:\/\/mataraudur.is\/en\/media\/videos\/","title":{"rendered":"Videos"},"content":{"rendered":"","protected":false},"excerpt":{"rendered":"","protected":false},"author":1,"featured_media":1825,"parent":3101,"menu_order":19,"comment_status":"closed","ping_status":"closed","template":"page-elements.php","meta":[],"acf":{"add_banner":true,"banners":[{"acf_fc_layout":"regular_banner","image":{"ID":1825,"id":1825,"title":"J\u00f6kuls\u00e1rl\u00f3n","filename":"jokulsarlon-fon-180-edit.jpg","filesize":172080,"url":"https:\/\/mataraudur.is\/wp-content\/uploads\/2017\/09\/jokulsarlon-fon-180-edit.jpg","link":"https:\/\/mataraudur.is\/en\/media\/videos\/jokulsarlon-fon-180-edit-2\/","alt":"","author":"1","description":"","caption":"","name":"jokulsarlon-fon-180-edit-2","status":"inherit","uploaded_to":3202,"date":"2017-09-22 17:53:43","modified":"2019-09-27 08:54:32","menu_order":0,"mime_type":"image\/jpeg","type":"image","subtype":"jpeg","icon":"https:\/\/mataraudur.is\/wp-includes\/images\/media\/default.png","width":2048,"height":1252,"sizes":{"thumbnail":"https:\/\/mataraudur.is\/wp-content\/uploads\/2017\/09\/jokulsarlon-fon-180-edit-150x150.jpg","thumbnail-width":150,"thumbnail-height":150,"medium":"https:\/\/mataraudur.is\/wp-content\/uploads\/2017\/09\/jokulsarlon-fon-180-edit-300x183.jpg","medium-width":300,"medium-height":183,"medium_large":"https:\/\/mataraudur.is\/wp-content\/uploads\/2017\/09\/jokulsarlon-fon-180-edit-768x470.jpg","medium_large-width":680,"medium_large-height":416,"large":"https:\/\/mataraudur.is\/wp-content\/uploads\/2017\/09\/jokulsarlon-fon-180-edit-1800x1100.jpg","large-width":680,"large-height":416,"1536x1536":"https:\/\/mataraudur.is\/wp-content\/uploads\/2017\/09\/jokulsarlon-fon-180-edit.jpg","1536x1536-width":1536,"1536x1536-height":939,"2048x2048":"https:\/\/mataraudur.is\/wp-content\/uploads\/2017\/09\/jokulsarlon-fon-180-edit.jpg","2048x2048-width":2048,"2048x2048-height":1252,"bones-thumb-600":"https:\/\/mataraudur.is\/wp-content\/uploads\/2017\/09\/jokulsarlon-fon-180-edit-600x150.jpg","bones-thumb-600-width":600,"bones-thumb-600-height":150,"bones-thumb-300":"https:\/\/mataraudur.is\/wp-content\/uploads\/2017\/09\/jokulsarlon-fon-180-edit-300x100.jpg","bones-thumb-300-width":300,"bones-thumb-300-height":100,"bones-banner":"https:\/\/mataraudur.is\/wp-content\/uploads\/2017\/09\/jokulsarlon-fon-180-edit-1600x700.jpg","bones-banner-width":1600,"bones-banner-height":700,"bones-thumb-square":"https:\/\/mataraudur.is\/wp-content\/uploads\/2017\/09\/jokulsarlon-fon-180-edit-800x800.jpg","bones-thumb-square-width":800,"bones-thumb-square-height":800,"bones-thumb-square-b":"https:\/\/mataraudur.is\/wp-content\/uploads\/2017\/09\/jokulsarlon-fon-180-edit-500x500.jpg","bones-thumb-square-b-width":500,"bones-thumb-square-b-height":500,"texta-mynd":"https:\/\/mataraudur.is\/wp-content\/uploads\/2017\/09\/jokulsarlon-fon-180-edit-754x300.jpg","texta-mynd-width":754,"texta-mynd-height":300,"texta-mynd-k":"https:\/\/mataraudur.is\/wp-content\/uploads\/2017\/09\/jokulsarlon-fon-180-edit-491x300.jpg","texta-mynd-k-width":491,"texta-mynd-k-height":300,"large-img":"https:\/\/mataraudur.is\/wp-content\/uploads\/2017\/09\/jokulsarlon-fon-180-edit-1000x611.jpg","large-img-width":1000,"large-img-height":611,"mat-thumb":"https:\/\/mataraudur.is\/wp-content\/uploads\/2017\/09\/jokulsarlon-fon-180-edit-600x450.jpg","mat-thumb-width":600,"mat-thumb-height":450,"alm-thumbnail":"https:\/\/mataraudur.is\/wp-content\/uploads\/2017\/09\/jokulsarlon-fon-180-edit.jpg","alm-thumbnail-width":150,"alm-thumbnail-height":92,"post-thumbnail":"https:\/\/mataraudur.is\/wp-content\/uploads\/2017\/09\/jokulsarlon-fon-180-edit-125x125.jpg","post-thumbnail-width":125,"post-thumbnail-height":125}},"title":"Videos","add_video_background":false,"mp4_video":false,"webm_video":false,"ogg_video":false,"larger_video":false,"video_url":""}],"elements":[{"acf_fc_layout":"undirvalmynd","valmynd":[{"title":"Photos","add_page":"https:\/\/mataraudur.is\/en\/media\/photos\/","add_custom_url":false,"custom_url":"","add_link_to_section":false,"section_id":""},{"title":"Video","add_page":"https:\/\/mataraudur.is\/en\/media\/videos\/","add_custom_url":false,"custom_url":"","add_link_to_section":false,"section_id":""},{"title":"logo","add_page":"https:\/\/mataraudur.is\/en\/media\/logo\/","add_custom_url":false,"custom_url":"","add_link_to_section":false,"section_id":""}]},{"acf_fc_layout":"videos","videos":[{"video_title":"Iceland\u00b4s Culinary Treasures. - Our heritage. Your treat","video_url":"https:\/\/www.youtube.com\/watch?v=-7K0E01VtkM","cover_image":{"ID":2463,"id":2463,"title":"Matarau\u00f0ur \u00cdslands - Iceland\u00b4s Culinary Treasures","filename":"matarau\u00f0ur-video-2.jpg","filesize":40068,"url":"https:\/\/mataraudur.is\/wp-content\/uploads\/2018\/01\/matarau\u00f0ur-video-2.jpg","link":"https:\/\/mataraudur.is\/en\/media\/videos\/mataraudur-video-2-2\/","alt":"Matarau\u00f0ur \u00cdslands - Iceland\u00b4s Culinary Treasures","author":"1","description":"Matarau\u00f0ur \u00cdslands - Iceland\u00b4s Culinary Treasures","caption":"Matarau\u00f0ur \u00cdslands - Iceland\u00b4s Culinary Treasures","name":"mataraudur-video-2-2","status":"inherit","uploaded_to":3202,"date":"2018-01-11 13:33:42","modified":"2018-02-20 17:16:30","menu_order":0,"mime_type":"image\/jpeg","type":"image","subtype":"jpeg","icon":"https:\/\/mataraudur.is\/wp-includes\/images\/media\/default.png","width":600,"height":397,"sizes":{"thumbnail":"https:\/\/mataraudur.is\/wp-content\/uploads\/2018\/01\/matarau\u00f0ur-video-2-150x150.jpg","thumbnail-width":150,"thumbnail-height":150,"medium":"https:\/\/mataraudur.is\/wp-content\/uploads\/2018\/01\/matarau\u00f0ur-video-2-300x199.jpg","medium-width":300,"medium-height":199,"medium_large":"https:\/\/mataraudur.is\/wp-content\/uploads\/2018\/01\/matarau\u00f0ur-video-2.jpg","medium_large-width":600,"medium_large-height":397,"large":"https:\/\/mataraudur.is\/wp-content\/uploads\/2018\/01\/matarau\u00f0ur-video-2.jpg","large-width":600,"large-height":397,"1536x1536":"https:\/\/mataraudur.is\/wp-content\/uploads\/2018\/01\/matarau\u00f0ur-video-2.jpg","1536x1536-width":600,"1536x1536-height":397,"2048x2048":"https:\/\/mataraudur.is\/wp-content\/uploads\/2018\/01\/matarau\u00f0ur-video-2.jpg","2048x2048-width":600,"2048x2048-height":397,"bones-thumb-600":"https:\/\/mataraudur.is\/wp-content\/uploads\/2018\/01\/matarau\u00f0ur-video-2-600x150.jpg","bones-thumb-600-width":600,"bones-thumb-600-height":150,"bones-thumb-300":"https:\/\/mataraudur.is\/wp-content\/uploads\/2018\/01\/matarau\u00f0ur-video-2-300x100.jpg","bones-thumb-300-width":300,"bones-thumb-300-height":100,"bones-banner":"https:\/\/mataraudur.is\/wp-content\/uploads\/2018\/01\/matarau\u00f0ur-video-2.jpg","bones-banner-width":600,"bones-banner-height":397,"bones-thumb-square":"https:\/\/mataraudur.is\/wp-content\/uploads\/2018\/01\/matarau\u00f0ur-video-2.jpg","bones-thumb-square-width":600,"bones-thumb-square-height":397,"bones-thumb-square-b":"https:\/\/mataraudur.is\/wp-content\/uploads\/2018\/01\/matarau\u00f0ur-video-2-500x397.jpg","bones-thumb-square-b-width":500,"bones-thumb-square-b-height":397,"texta-mynd":"https:\/\/mataraudur.is\/wp-content\/uploads\/2018\/01\/matarau\u00f0ur-video-2-600x300.jpg","texta-mynd-width":600,"texta-mynd-height":300,"texta-mynd-k":"https:\/\/mataraudur.is\/wp-content\/uploads\/2018\/01\/matarau\u00f0ur-video-2-453x300.jpg","texta-mynd-k-width":453,"texta-mynd-k-height":300,"large-img":"https:\/\/mataraudur.is\/wp-content\/uploads\/2018\/01\/matarau\u00f0ur-video-2.jpg","large-img-width":600,"large-img-height":397,"mat-thumb":"https:\/\/mataraudur.is\/wp-content\/uploads\/2018\/01\/matarau\u00f0ur-video-2-600x397.jpg","mat-thumb-width":600,"mat-thumb-height":397,"alm-thumbnail":"https:\/\/mataraudur.is\/wp-content\/uploads\/2018\/01\/matarau\u00f0ur-video-2-150x150.jpg","alm-thumbnail-width":150,"alm-thumbnail-height":150,"post-thumbnail":"https:\/\/mataraudur.is\/wp-content\/uploads\/2018\/01\/matarau\u00f0ur-video-2-125x125.jpg","post-thumbnail-width":125,"post-thumbnail-height":125}}}]}]},"_links":{"self":[{"href":"https:\/\/mataraudur.is\/en\/wp-json\/wp\/v2\/pages\/3202"}],"collection":[{"href":"https:\/\/mataraudur.is\/en\/wp-json\/wp\/v2\/pages"}],"about":[{"href":"https:\/\/mataraudur.is\/en\/wp-json\/wp\/v2\/types\/page"}],"author":[{"embeddable":true,"href":"https:\/\/mataraudur.is\/en\/wp-json\/wp\/v2\/users\/1"}],"replies":[{"embeddable":true,"href":"https:\/\/mataraudur.is\/en\/wp-json\/wp\/v2\/comments?post=3202"}],"version-history":[{"count":6,"href":"https:\/\/mataraudur.is\/en\/wp-json\/wp\/v2\/pages\/3202\/revisions"}],"predecessor-version":[{"id":125851,"href":"https:\/\/mataraudur.is\/en\/wp-json\/wp\/v2\/pages\/3202\/revisions\/125851"}],"up":[{"embeddable":true,"href":"https:\/\/mataraudur.is\/en\/wp-json\/wp\/v2\/pages\/3101"}],"wp:featuredmedia":[{"embeddable":true,"href":"https:\/\/mataraudur.is\/en\/wp-json\/wp\/v2\/media\/1825"}],"wp:attachment":[{"href":"https:\/\/mataraudur.is\/en\/wp-json\/wp\/v2\/media?parent=3202"}],"curies":[{"name":"wp","href":"https:\/\/api.w.org\/{rel}","templated":true}]}}