

{"id":4859,"date":"2018-07-23T08:07:16","date_gmt":"2018-07-23T08:07:16","guid":{"rendered":"https:\/\/mataraudur.is\/personuverndarstefna\/"},"modified":"2018-07-23T08:42:34","modified_gmt":"2018-07-23T08:42:34","slug":"cookie-policy","status":"publish","type":"page","link":"https:\/\/mataraudur.is\/en\/cookie-policy\/","title":{"rendered":"Cookie Policy"},"content":{"rendered":"<p>Vi\u00f0 notkun \u00e1 \u00feessari vefs\u00ed\u00f0u ver\u00f0a til uppl\u00fdsingar um heims\u00f3knina. Matarau\u00f0ur notar \u00feessar uppl\u00fdsingar til a\u00f0 betrumb\u00e6ta vefs\u00ed\u00f0una og upplifun notenda hennar. Vi\u00f0 leggjum h\u00f6fu\u00f0\u00e1herslu \u00e1 var\u00f0veislu \u00feessara gagna og afhendum \u00feau ekki \u00feri\u00f0ja a\u00f0ila nema um lagalega skyldu s\u00e9 a\u00f0 r\u00e6\u00f0a.<\/p>\n<p>Vafrak\u00f6kum er safna\u00f0 \u00ed \u00feeim tilgangi a\u00f0 telja heims\u00f3knir sem og greina notendafer\u00f0alag (e. Users journey) um vefs\u00ed\u00f0una. \u00deessar uppl\u00fdsingar eru greindar me\u00f0 \u00fev\u00ed markmi\u00f0i a\u00f0 b\u00e6ta upplifun notenda \u00e1 vefs\u00ed\u00f0unni og au\u00f0velda a\u00f0gengi notenda a\u00f0 uppl\u00fdsingum.<\/p>\n<p>Matarau\u00f0ur notar Google analytics til a\u00f0 safna g\u00f6gnum, \u00fear koma fram uppl\u00fdsingar um hverja heims\u00f3kn, hversu lengi h\u00fan var\u00f0i, hvert notandi f\u00f3r innan vefs\u00ed\u00f0unnar og hvar hann f\u00f3r af l\u00e9ninu.<\/p>\n","protected":false},"excerpt":{"rendered":"<p>Vi\u00f0 notkun \u00e1 \u00feessari vefs\u00ed\u00f0u ver\u00f0a til uppl\u00fdsingar um heims\u00f3knina. Matarau\u00f0ur notar \u00feessar uppl\u00fdsingar til a\u00f0 betrumb\u00e6ta vefs\u00ed\u00f0una og upplifun notenda hennar. Vi\u00f0 leggjum h\u00f6fu\u00f0\u00e1herslu \u00e1 var\u00f0veislu \u00feessara gagna og afhendum \u00feau ekki \u00feri\u00f0ja a\u00f0ila nema um lagalega skyldu s\u00e9 a\u00f0 r\u00e6\u00f0a. Vafrak\u00f6kum er safna\u00f0 \u00ed \u00feeim tilgangi a\u00f0 telja heims\u00f3knir sem og greina notendafer\u00f0alag&#8230;  <a class=\"excerpt-read-more\" href=\"https:\/\/mataraudur.is\/en\/cookie-policy\/\" title=\"Read Cookie Policy\">Read more &raquo;<\/a><\/p>\n","protected":false},"author":1,"featured_media":0,"parent":0,"menu_order":4,"comment_status":"closed","ping_status":"closed","template":"page-elements.php","meta":[],"acf":{"add_banner":true,"elements":[{"acf_fc_layout":"text_block","unique_id":"","text_block_innri":[{"acf_fc_layout":"full_width_layout","content":"<p>This site uses cookies. Cookies are used to enhance user experience on this website. By gathering data such as the user journey, bounce rate, individual site clicks and where the user comes from, we can better adjust our site to give the user the best possible journey through it. User preferences might be kept and tracking data shared with Google Analytics. We strive to keep this information safe, and no attempt will be made to connect this information to individuals.<br \/>\nUsers can disable cookies in their browser, to do this we recommend looking up cookies in your browser help section.<\/p>\n","add_link":false,"link_title":"","link_url":null}],"less_space_bottom":false}],"banners":[{"acf_fc_layout":"regular_banner","image":{"ID":4674,"id":4674,"title":"Sau\u00f0fj\u00e1rsetri\u00f0 \u00e1 Str\u00f6ndum","filename":"sau\u00f0fj\u00e1rsetri\u00f0.jpg","filesize":83038,"url":"https:\/\/mataraudur.is\/wp-content\/uploads\/2018\/05\/sau\u00f0fj\u00e1rsetri\u00f0.jpg","link":"https:\/\/mataraudur.is\/en\/saudfjarsetrid-2\/","alt":"Sau\u00f0fj\u00e1rsetri\u00f0 \u00e1 Str\u00f6ndum","author":"1","description":"Sau\u00f0fj\u00e1rsetri\u00f0 \u00e1 Str\u00f6ndum","caption":"Sau\u00f0fj\u00e1rsetri\u00f0 \u00e1 Str\u00f6ndum","name":"saudfjarsetrid-2","status":"inherit","uploaded_to":0,"date":"2018-05-22 19:57:03","modified":"2018-05-22 19:57:03","menu_order":0,"mime_type":"image\/jpeg","type":"image","subtype":"jpeg","icon":"https:\/\/mataraudur.is\/wp-includes\/images\/media\/default.png","width":1366,"height":768,"sizes":{"thumbnail":"https:\/\/mataraudur.is\/wp-content\/uploads\/2018\/05\/sau\u00f0fj\u00e1rsetri\u00f0-150x150.jpg","thumbnail-width":150,"thumbnail-height":150,"medium":"https:\/\/mataraudur.is\/wp-content\/uploads\/2018\/05\/sau\u00f0fj\u00e1rsetri\u00f0-300x169.jpg","medium-width":300,"medium-height":169,"medium_large":"https:\/\/mataraudur.is\/wp-content\/uploads\/2018\/05\/sau\u00f0fj\u00e1rsetri\u00f0-768x432.jpg","medium_large-width":680,"medium_large-height":383,"large":"https:\/\/mataraudur.is\/wp-content\/uploads\/2018\/05\/sau\u00f0fj\u00e1rsetri\u00f0.jpg","large-width":680,"large-height":382,"1536x1536":"https:\/\/mataraudur.is\/wp-content\/uploads\/2018\/05\/sau\u00f0fj\u00e1rsetri\u00f0.jpg","1536x1536-width":1366,"1536x1536-height":768,"2048x2048":"https:\/\/mataraudur.is\/wp-content\/uploads\/2018\/05\/sau\u00f0fj\u00e1rsetri\u00f0.jpg","2048x2048-width":1366,"2048x2048-height":768,"bones-thumb-600":"https:\/\/mataraudur.is\/wp-content\/uploads\/2018\/05\/sau\u00f0fj\u00e1rsetri\u00f0-600x150.jpg","bones-thumb-600-width":600,"bones-thumb-600-height":150,"bones-thumb-300":"https:\/\/mataraudur.is\/wp-content\/uploads\/2018\/05\/sau\u00f0fj\u00e1rsetri\u00f0-300x100.jpg","bones-thumb-300-width":300,"bones-thumb-300-height":100,"bones-banner":"https:\/\/mataraudur.is\/wp-content\/uploads\/2018\/05\/sau\u00f0fj\u00e1rsetri\u00f0-1366x700.jpg","bones-banner-width":1366,"bones-banner-height":700,"bones-thumb-square":"https:\/\/mataraudur.is\/wp-content\/uploads\/2018\/05\/sau\u00f0fj\u00e1rsetri\u00f0-800x768.jpg","bones-thumb-square-width":800,"bones-thumb-square-height":768,"bones-thumb-square-b":"https:\/\/mataraudur.is\/wp-content\/uploads\/2018\/05\/sau\u00f0fj\u00e1rsetri\u00f0-500x500.jpg","bones-thumb-square-b-width":500,"bones-thumb-square-b-height":500,"texta-mynd":"https:\/\/mataraudur.is\/wp-content\/uploads\/2018\/05\/sau\u00f0fj\u00e1rsetri\u00f0-754x300.jpg","texta-mynd-width":754,"texta-mynd-height":300,"texta-mynd-k":"https:\/\/mataraudur.is\/wp-content\/uploads\/2018\/05\/sau\u00f0fj\u00e1rsetri\u00f0-534x300.jpg","texta-mynd-k-width":534,"texta-mynd-k-height":300,"large-img":"https:\/\/mataraudur.is\/wp-content\/uploads\/2018\/05\/sau\u00f0fj\u00e1rsetri\u00f0-1000x562.jpg","large-img-width":1000,"large-img-height":562,"mat-thumb":"https:\/\/mataraudur.is\/wp-content\/uploads\/2018\/05\/sau\u00f0fj\u00e1rsetri\u00f0-600x450.jpg","mat-thumb-width":600,"mat-thumb-height":450,"alm-thumbnail":"https:\/\/mataraudur.is\/wp-content\/uploads\/2018\/05\/sau\u00f0fj\u00e1rsetri\u00f0-150x150.jpg","alm-thumbnail-width":150,"alm-thumbnail-height":150,"post-thumbnail":"https:\/\/mataraudur.is\/wp-content\/uploads\/2018\/05\/sau\u00f0fj\u00e1rsetri\u00f0-125x125.jpg","post-thumbnail-width":125,"post-thumbnail-height":125}},"title":"Cookie policy","add_video_background":false,"mp4_video":false,"webm_video":false,"ogg_video":false,"larger_video":false,"video_url":""}]},"_links":{"self":[{"href":"https:\/\/mataraudur.is\/en\/wp-json\/wp\/v2\/pages\/4859"}],"collection":[{"href":"https:\/\/mataraudur.is\/en\/wp-json\/wp\/v2\/pages"}],"about":[{"href":"https:\/\/mataraudur.is\/en\/wp-json\/wp\/v2\/types\/page"}],"author":[{"embeddable":true,"href":"https:\/\/mataraudur.is\/en\/wp-json\/wp\/v2\/users\/1"}],"replies":[{"embeddable":true,"href":"https:\/\/mataraudur.is\/en\/wp-json\/wp\/v2\/comments?post=4859"}],"version-history":[{"count":2,"href":"https:\/\/mataraudur.is\/en\/wp-json\/wp\/v2\/pages\/4859\/revisions"}],"predecessor-version":[{"id":4861,"href":"https:\/\/mataraudur.is\/en\/wp-json\/wp\/v2\/pages\/4859\/revisions\/4861"}],"wp:attachment":[{"href":"https:\/\/mataraudur.is\/en\/wp-json\/wp\/v2\/media?parent=4859"}],"curies":[{"name":"wp","href":"https:\/\/api.w.org\/{rel}","templated":true}]}}